{"id":1024,"date":"2015-12-14T07:14:55","date_gmt":"2015-12-14T07:14:55","guid":{"rendered":"http:\/\/consulting.stylemixthemes.com\/demo\/?page_id=2"},"modified":"2020-06-15T20:53:18","modified_gmt":"2020-06-15T20:53:18","slug":"sample-page-2","status":"publish","type":"page","link":"https:\/\/cooperativatrabajoyprogresorl.com\/","title":{"rendered":"inicio"},"content":{"rendered":"<p>[vc_row css=&#8221;.vc_custom_1450677977665{margin-bottom: 0px !important;}&#8221;][vc_column offset=&#8221;vc_hidden-xs&#8221;][rev_slider_vc alias=&#8221;fullscreen-main-slider&#8221;][\/vc_column][\/vc_row][vc_row full_width=&#8221;stretch_row&#8221; el_class=&#8221;third_bg_color&#8221; css=&#8221;.vc_custom_1450692516354{margin-bottom: 60px !important;}&#8221;][vc_column][vc_cta h2=&#8221;\u00bfDeseas informaci\u00f3n de como asociarte?&#8221; h2_font_container=&#8221;font_size:25px|color:%23000000|line_height:24px&#8221; h2_use_theme_fonts=&#8221;yes&#8221; h2_css_animation=&#8221;fadeInLeft&#8221; txt_align=&#8221;center&#8221; shape=&#8221;square&#8221; style=&#8221;flat&#8221; add_button=&#8221;right&#8221; btn_title=&#8221;\u00bfComo me Asocio?&#8221; btn_style=&#8221;flat&#8221; btn_color=&#8221;theme_style_2&#8243; btn_align=&#8221;right&#8221; btn_i_align=&#8221;right&#8221; btn_i_icon_fontawesome=&#8221;fa fa-chevron-right&#8221; use_custom_fonts_h2=&#8221;true&#8221; btn_button_block=&#8221;true&#8221; btn_add_icon=&#8221;true&#8221; el_class=&#8221;third_bg_color&#8221; btn_link=&#8221;url:http%3A%2F%2Fwww.cooperativatrabajoyprogresorl.com%2Findex.php%2Fservices%2Fbonds-commodities%2F|||&#8221;][\/vc_cta][\/vc_column][\/vc_row][vc_row css=&#8221;.vc_custom_1450856873482{margin-bottom: 37px !important;}&#8221;][vc_column width=&#8221;1\/3&#8243;][stm_animation_block animation=&#8221;fadeInUp&#8221; animation_duration=&#8221;1&#8243; animation_delay=&#8221;0&#8243;][stm_info_box style=&#8221;style_3&#8243; title_icon=&#8221;stm-chart-monitor&#8221; icon=&#8221;fa fa-chevron-right&#8221; title=&#8221;Porque Asociarse?&#8221; image=&#8221;1441&#8243; link=&#8221;url:http%3A%2F%2Fwww.cooperativatrabajoyprogresorl.com%2Findex.php%2Fservices%2Fbonds-commodities%2F|title:Leer%20m%C3%A1s||&#8221;]Para obtener beneficios y bajas tasas de inter\u00e9s.[\/stm_info_box][\/stm_animation_block][\/vc_column][vc_column width=&#8221;1\/3&#8243;][stm_animation_block animation=&#8221;fadeInUp&#8221; animation_duration=&#8221;1&#8243; animation_delay=&#8221;0.05&#8243;][stm_info_box style=&#8221;style_3&#8243; title_icon=&#8221;stm-stm14_public&#8221; icon=&#8221;fa fa-chevron-right&#8221; title=&#8221;L\u00edderes en la Regi\u00f3n&#8221; image=&#8221;1443&#8243; link=&#8221;url:http%3A%2F%2Fwww.cooperativatrabajoyprogresorl.com%2Findex.php%2Fcompany-overview%2F|title:Leer%20m%C3%A1s||&#8221;]Somos las cooperativa l\u00edder en la regi\u00f3n, nuestros servicios de calidad nos distinguen, conoce mas de nosotros.[\/stm_info_box][\/stm_animation_block][\/vc_column][vc_column width=&#8221;1\/3&#8243;][stm_animation_block animation=&#8221;fadeInUp&#8221; animation_duration=&#8221;1&#8243; animation_delay=&#8221;0.1&#8243;][stm_info_box style=&#8221;style_3&#8243; title_icon=&#8221;stm-earth&#8221; icon=&#8221;fa fa-chevron-right&#8221; title=&#8221;Servimos a la comunidad&#8221; image=&#8221;1448&#8243; link=&#8221;url:%23|title:read%20more|&#8221;]Somo tu cooperativa amiga y nuestro pasi\u00f3n es servir a nuestro pa\u00eds[\/stm_info_box][\/stm_animation_block][\/vc_column][\/vc_row][vc_row full_width=&#8221;stretch_row&#8221; css=&#8221;.vc_custom_1451476985704{padding-top: 53px !important;padding-bottom: 70px !important;background-color: #f2f2f2 !important;}&#8221;][vc_column][vc_custom_heading text=&#8221;Servicios&#8221; font_container=&#8221;tag:h2|font_size:45px|text_align:center|line_height:60px&#8221; use_theme_fonts=&#8221;yes&#8221; el_class=&#8221;base_font_color&#8221; css=&#8221;.vc_custom_1520552603476{margin-bottom: 28px !important;}&#8221;][vc_row_inner css=&#8221;.vc_custom_1455871593995{margin-bottom: 30px !important;}&#8221;][vc_column_inner width=&#8221;1\/3&#8243;][stm_icon_box hide_title_line=&#8221;hide_title_line&#8221; enable_hexagon=&#8221;enable&#8221; enable_hexagon_animation=&#8221;enable&#8221; icon=&#8221;stm-metals&#8221; style=&#8221;icon_left&#8221; icon_size=&#8221;15&#8243; icon_width=&#8221;78&#8243; title=&#8221;Pr\u00e9stamos&#8221;]Ofrecemos pr\u00e9stamos para la peque\u00f1a y mediana empresa&#8230;[\/stm_icon_box][\/vc_column_inner][vc_column_inner width=&#8221;1\/3&#8243;][stm_icon_box hide_title_line=&#8221;hide_title_line&#8221; enable_hexagon=&#8221;enable&#8221; enable_hexagon_animation=&#8221;enable&#8221; icon=&#8221;stm-zurich-darts&#8221; style=&#8221;icon_left&#8221; icon_size=&#8221;22&#8243; icon_width=&#8221;78&#8243; title=&#8221;Ahorros&#8221;]Te ayudamos a crecer como socio disfrutaras de buenas tasas de interes en ahorros.[\/stm_icon_box][\/vc_column_inner][vc_column_inner width=&#8221;1\/3&#8243;][stm_icon_box hide_title_line=&#8221;hide_title_line&#8221; enable_hexagon=&#8221;enable&#8221; enable_hexagon_animation=&#8221;enable&#8221; icon=&#8221;stm-nokia&#8221; style=&#8221;icon_left&#8221; icon_size=&#8221;22&#8243; icon_width=&#8221;78&#8243; title=&#8221;Seguros y Beneficios&#8221;]Contamos con seguros sobre pr\u00e9stamos, sobre ahorros entre otros beneficios.[\/stm_icon_box][\/vc_column_inner][\/vc_row_inner][\/vc_column][\/vc_row][vc_row full_width=&#8221;stretch_row&#8221; el_class=&#8221;overlay_2 fixed_bg&#8221; css=&#8221;.vc_custom_1453381142995{margin-bottom: 42px !important;padding-top: 66px !important;padding-bottom: 66px !important;background-image: url(http:\/\/www.cooperativatrabajoyprogresorl.com\/wp-content\/uploads\/2015\/12\/placeholder.gif?id=122) !important;background-position: center !important;background-repeat: no-repeat !important;background-size: cover !important;}&#8221;][vc_column][vc_custom_heading text=&#8221;Ayudamos a hacer realidad tus sue\u00f1os&#8230;<br \/>\n<mark> \u00a1Tu Cooperativa Amiga!<\/mark>&#8221; font_container=&#8221;tag:div|font_size:28px|text_align:center|color:%23ffffff|line_height:34px&#8221; google_fonts=&#8221;font_family:Poppins%3A300%2Cregular%2C500%2C600%2C700|font_style:700%20bold%3A700%3Anormal&#8221;][\/vc_column][\/vc_row][vc_row css=&#8221;.vc_custom_1451479401686{margin-bottom: 31px !important;}&#8221;][vc_column][vc_custom_heading text=&#8221;Noticias y mas&#8221; font_container=&#8221;tag:h2|font_size:45px|text_align:center&#8221; use_theme_fonts=&#8221;yes&#8221;][\/vc_column][\/vc_row]<\/p>\n","protected":false},"excerpt":{"rendered":"<p>[vc_row css=&#8221;.vc_custom_1450677977665{margin-bottom: 0px !important;}&#8221;][vc_column offset=&#8221;vc_hidden-xs&#8221;][rev_slider_vc alias=&#8221;fullscreen-main-slider&#8221;][\/vc_column][\/vc_row][vc_row full_width=&#8221;stretch_row&#8221; el_class=&#8221;third_bg_color&#8221; css=&#8221;.vc_custom_1450692516354{margin-bottom: 60px !important;}&#8221;][vc_column][vc_cta h2=&#8221;\u00bfDeseas informaci\u00f3n de como asociarte?&#8221; h2_font_container=&#8221;font_size:25px|color:%23000000|line_height:24px&#8221; h2_use_theme_fonts=&#8221;yes&#8221; h2_css_animation=&#8221;fadeInLeft&#8221; txt_align=&#8221;center&#8221; shape=&#8221;square&#8221; style=&#8221;flat&#8221; add_button=&#8221;right&#8221; btn_title=&#8221;\u00bfComo me Asocio?&#8221; btn_style=&#8221;flat&#8221; btn_color=&#8221;theme_style_2&#8243; btn_align=&#8221;right&#8221; btn_i_align=&#8221;right&#8221; btn_i_icon_fontawesome=&#8221;fa fa-chevron-right&#8221; use_custom_fonts_h2=&#8221;true&#8221; btn_button_block=&#8221;true&#8221; btn_add_icon=&#8221;true&#8221; el_class=&#8221;third_bg_color&#8221; btn_link=&#8221;url:http%3A%2F%2Fwww.cooperativatrabajoyprogresorl.com%2Findex.php%2Fservices%2Fbonds-commodities%2F|||&#8221;][\/vc_cta][\/vc_column][\/vc_row][vc_row css=&#8221;.vc_custom_1450856873482{margin-bottom: 37px !important;}&#8221;][vc_column width=&#8221;1\/3&#8243;][stm_animation_block animation=&#8221;fadeInUp&#8221; animation_duration=&#8221;1&#8243; animation_delay=&#8221;0&#8243;][stm_info_box style=&#8221;style_3&#8243; title_icon=&#8221;stm-chart-monitor&#8221; icon=&#8221;fa fa-chevron-right&#8221; title=&#8221;Porque Asociarse?&#8221; image=&#8221;1441&#8243; link=&#8221;url:http%3A%2F%2Fwww.cooperativatrabajoyprogresorl.com%2Findex.php%2Fservices%2Fbonds-commodities%2F|title:Leer%20m%C3%A1s||&#8221;]Para obtener beneficios y<\/p>\n","protected":false},"author":1,"featured_media":0,"parent":0,"menu_order":0,"comment_status":"closed","ping_status":"closed","template":"","meta":{"footnotes":""},"amp_enabled":false,"_links":{"self":[{"href":"https:\/\/cooperativatrabajoyprogresorl.com\/index.php\/wp-json\/wp\/v2\/pages\/1024"}],"collection":[{"href":"https:\/\/cooperativatrabajoyprogresorl.com\/index.php\/wp-json\/wp\/v2\/pages"}],"about":[{"href":"https:\/\/cooperativatrabajoyprogresorl.com\/index.php\/wp-json\/wp\/v2\/types\/page"}],"author":[{"embeddable":true,"href":"https:\/\/cooperativatrabajoyprogresorl.com\/index.php\/wp-json\/wp\/v2\/users\/1"}],"replies":[{"embeddable":true,"href":"https:\/\/cooperativatrabajoyprogresorl.com\/index.php\/wp-json\/wp\/v2\/comments?post=1024"}],"version-history":[{"count":23,"href":"https:\/\/cooperativatrabajoyprogresorl.com\/index.php\/wp-json\/wp\/v2\/pages\/1024\/revisions"}],"predecessor-version":[{"id":1650,"href":"https:\/\/cooperativatrabajoyprogresorl.com\/index.php\/wp-json\/wp\/v2\/pages\/1024\/revisions\/1650"}],"wp:attachment":[{"href":"https:\/\/cooperativatrabajoyprogresorl.com\/index.php\/wp-json\/wp\/v2\/media?parent=1024"}],"curies":[{"name":"wp","href":"https:\/\/api.w.org\/{rel}","templated":true}]}}