{"id":182,"date":"2015-12-15T07:37:33","date_gmt":"2015-12-15T07:37:33","guid":{"rendered":"http:\/\/consulting.stylemixthemes.com\/demo\/?page_id=9"},"modified":"2018-05-14T13:08:40","modified_gmt":"2018-05-14T13:08:40","slug":"company-overview","status":"publish","type":"page","link":"https:\/\/cooperativatrabajoyprogresorl.com\/index.php\/company-overview\/","title":{"rendered":"nosostros"},"content":{"rendered":"<p>[vc_row][vc_column][vc_custom_heading icon=&#8221;stm-stm14_public&#8221; text=&#8221;Acerca de la Cooperativa&#8221; font_container=&#8221;tag:h4|text_align:left&#8221; use_theme_fonts=&#8221;yes&#8221;][\/vc_column][\/vc_row][vc_row][vc_column][vc_column_text css=&#8221;.vc_custom_1526303321796{background-position: center !important;background-repeat: no-repeat !important;background-size: contain !important;}&#8221;]Cooperativa Integral de Ahorro y Cr\u00e9dito \u201cTrabajo y Progreso\u201d R.L.,ubicada en 5\u00aa. Calle y 5\u00aa. Avenida Esquina, Colonia Vista Hermosa, Chiquimulilla, Santa Rosa, entidad constituida a partir del 15 de agosto de 1983, bajo el amparo de la Ley General de Cooperativas, Decreto No. 82-78 del Congreso de la Rep\u00fablica de Guatemala, inscritos como una entidad No Lucrativa, y por tiempo Indefinido, siendo su funci\u00f3n principal la recepci\u00f3n de fondos y otorgar pr\u00e9stamos, como toda instituci\u00f3n responsable anualmente es fiscalizada por la Inspecci\u00f3n General de Cooperativas -INGECOP- entidad estatal responsable de auditar al sector Cooperativo, adem\u00e1s est\u00e1\u00a0 supervisado por\u00a0 la Superintendencia de Bancos a trav\u00e9s de la Intendencia de Verificaci\u00f3n Especial -IVE-[\/vc_column_text][\/vc_column][\/vc_row][vc_row][vc_column][vc_empty_space][\/vc_column][\/vc_row][vc_row][vc_column][vc_video link=&#8221;https:\/\/www.youtube.com\/embed\/67IQW7Y03t4&#8243; el_width=&#8221;60&#8243;][\/vc_column][\/vc_row][vc_row][vc_column][vc_empty_space][\/vc_column][\/vc_row][vc_row full_width=&#8221;stretch_row&#8221; el_class=&#8221;third_bg_color&#8221; css=&#8221;.vc_custom_1451889219674{margin-bottom: -60px !important;}&#8221;][vc_column][vc_cta h2=&#8221;\u00bfDeseas asociarte con nosotros?&#8221; h2_font_container=&#8221;font_size:20px|color:%23000000|line_height:24px&#8221; h2_use_theme_fonts=&#8221;yes&#8221; shape=&#8221;square&#8221; style=&#8221;flat&#8221; add_button=&#8221;right&#8221; btn_title=&#8221;\u00bfC\u00f3mo ser asocio?&#8221; btn_style=&#8221;flat&#8221; btn_color=&#8221;theme_style_2&#8243; btn_align=&#8221;right&#8221; btn_i_align=&#8221;right&#8221; btn_i_icon_fontawesome=&#8221;fa fa-chevron-right&#8221; use_custom_fonts_h2=&#8221;true&#8221; btn_button_block=&#8221;true&#8221; btn_add_icon=&#8221;true&#8221; el_class=&#8221;third_bg_color&#8221; css=&#8221;.vc_custom_1520896144706{margin-bottom: 0px !important;}&#8221; btn_link=&#8221;url:http%3A%2F%2Fwww.cooperativatrabajoyprogresorl.com%2Findex.php%2Fservices%2Fbonds-commodities%2F|||&#8221;][\/vc_cta][\/vc_column][\/vc_row]<\/p>\n","protected":false},"excerpt":{"rendered":"<p>[vc_row][vc_column][vc_custom_heading icon=&#8221;stm-stm14_public&#8221; text=&#8221;Acerca de la Cooperativa&#8221; font_container=&#8221;tag:h4|text_align:left&#8221; use_theme_fonts=&#8221;yes&#8221;][\/vc_column][\/vc_row][vc_row][vc_column][vc_column_text css=&#8221;.vc_custom_1526303321796{background-position: center !important;background-repeat: no-repeat !important;background-size: contain !important;}&#8221;]Cooperativa Integral de Ahorro y Cr\u00e9dito \u201cTrabajo y Progreso\u201d R.L.,ubicada en 5\u00aa. Calle y 5\u00aa. Avenida Esquina, Colonia Vista Hermosa, Chiquimulilla, Santa Rosa, entidad constituida a partir del 15 de agosto de 1983, bajo el amparo de la Ley General de<\/p>\n","protected":false},"author":1,"featured_media":0,"parent":0,"menu_order":0,"comment_status":"closed","ping_status":"closed","template":"","meta":{"footnotes":""},"amp_enabled":true,"_links":{"self":[{"href":"https:\/\/cooperativatrabajoyprogresorl.com\/index.php\/wp-json\/wp\/v2\/pages\/182"}],"collection":[{"href":"https:\/\/cooperativatrabajoyprogresorl.com\/index.php\/wp-json\/wp\/v2\/pages"}],"about":[{"href":"https:\/\/cooperativatrabajoyprogresorl.com\/index.php\/wp-json\/wp\/v2\/types\/page"}],"author":[{"embeddable":true,"href":"https:\/\/cooperativatrabajoyprogresorl.com\/index.php\/wp-json\/wp\/v2\/users\/1"}],"replies":[{"embeddable":true,"href":"https:\/\/cooperativatrabajoyprogresorl.com\/index.php\/wp-json\/wp\/v2\/comments?post=182"}],"version-history":[{"count":28,"href":"https:\/\/cooperativatrabajoyprogresorl.com\/index.php\/wp-json\/wp\/v2\/pages\/182\/revisions"}],"predecessor-version":[{"id":1566,"href":"https:\/\/cooperativatrabajoyprogresorl.com\/index.php\/wp-json\/wp\/v2\/pages\/182\/revisions\/1566"}],"wp:attachment":[{"href":"https:\/\/cooperativatrabajoyprogresorl.com\/index.php\/wp-json\/wp\/v2\/media?parent=182"}],"curies":[{"name":"wp","href":"https:\/\/api.w.org\/{rel}","templated":true}]}}