{"id":344,"date":"2016-01-06T11:31:27","date_gmt":"2016-01-06T11:31:27","guid":{"rendered":"http:\/\/consulting.stylemixthemes.com\/demo\/?page_id=344"},"modified":"2018-04-26T00:06:21","modified_gmt":"2018-04-26T00:06:21","slug":"our-approach","status":"publish","type":"page","link":"https:\/\/cooperativatrabajoyprogresorl.com\/index.php\/company-overview\/our-approach\/","title":{"rendered":"Misi\u00f3n y Visi\u00f3n"},"content":{"rendered":"<p>[vc_row css=&#8221;.vc_custom_1451991003825{margin-bottom: 100px !important;}&#8221;][vc_column width=&#8221;3\/4&#8243;][vc_row_inner css=&#8221;.vc_custom_1455886051719{margin-bottom: 10px !important;}&#8221;][vc_column_inner width=&#8221;1\/2&#8243;][stm_icon_box hide_title_line=&#8221;hide_title_line&#8221; enable_hexagon=&#8221;enable&#8221; enable_hexagon_animation=&#8221;enable&#8221; icon=&#8221;stm-nokia_outline&#8221; style=&#8221;icon_left&#8221; icon_size=&#8221;15&#8243; icon_width=&#8221;78&#8243; title=&#8221;Misi\u00f3n&#8221;]<\/p>\n<p style=\"text-align: justify;\">Satisfacemos las necesidades de nuestros asociados, dando oportunidades de cr\u00e9dito con bajas tasas de inter\u00e9s y brindando seguridad al asociado y su dinero, fomentando el Ahorro Corriente, Plazo Fijo, Ahorro Infanto Juvenil y Seguros, contribuyendo al desarrollo econ\u00f3mico y social, recompensado la confianza de nuestros asociados a trav\u00e9s de un excelente desempe\u00f1o laboral.<\/p>\n<p>[\/stm_icon_box][\/vc_column_inner][vc_column_inner width=&#8221;1\/2&#8243;][stm_icon_box hide_title_line=&#8221;hide_title_line&#8221; enable_hexagon=&#8221;enable&#8221; enable_hexagon_animation=&#8221;enable&#8221; icon=&#8221;stm-graph&#8221; style=&#8221;icon_left&#8221; icon_size=&#8221;22&#8243; icon_width=&#8221;78&#8243; title=&#8221;Visi\u00f3n&#8221;]<\/p>\n<p style=\"text-align: justify;\">Contribuir con el desarrollo integral de la sociedad guatemalteca por medio del cooperativismo, ayudando al fortalecimiento del capital de todos los asociados y proyect\u00e1ndonos a ser el orgullo chiquimulillense, brindando confianza en le cuidado de su dinero y posicion\u00e1ndonos como la mejor Cooperativa a nivel local, regional y extendernos a nivel nacional.<\/p>\n<p>[\/stm_icon_box][\/vc_column_inner][\/vc_row_inner][\/vc_column][vc_column width=&#8221;1\/4&#8243;][stm_sidebar sidebar=&#8221;311&#8243;][\/vc_column][\/vc_row][vc_row full_width=&#8221;stretch_row&#8221; el_class=&#8221;third_bg_color&#8221; css=&#8221;.vc_custom_1451889219674{margin-bottom: -60px !important;}&#8221;][vc_column][vc_cta h2=&#8221;\u00bfDeseas asociarte con nosostros?&#8221; h2_font_container=&#8221;font_size:20px|color:%23000000|line_height:24px&#8221; h2_use_theme_fonts=&#8221;yes&#8221; shape=&#8221;square&#8221; style=&#8221;flat&#8221; add_button=&#8221;right&#8221; btn_title=&#8221;\u00bfComo ser Socio?&#8221; btn_style=&#8221;flat&#8221; btn_color=&#8221;theme_style_2&#8243; btn_align=&#8221;right&#8221; btn_i_align=&#8221;right&#8221; btn_i_icon_fontawesome=&#8221;fa fa-chevron-right&#8221; use_custom_fonts_h2=&#8221;true&#8221; btn_button_block=&#8221;true&#8221; btn_add_icon=&#8221;true&#8221; el_class=&#8221;third_bg_color&#8221; css=&#8221;.vc_custom_1520896046667{margin-bottom: 0px !important;}&#8221; btn_link=&#8221;url:http%3A%2F%2Fwww.cooperativatrabajoyprogresorl.com%2Findex.php%2Fservices%2Fbonds-commodities%2F|||&#8221;][\/vc_cta][\/vc_column][\/vc_row]<\/p>\n","protected":false},"excerpt":{"rendered":"<p>[vc_row css=&#8221;.vc_custom_1451991003825{margin-bottom: 100px !important;}&#8221;][vc_column width=&#8221;3\/4&#8243;][vc_row_inner css=&#8221;.vc_custom_1455886051719{margin-bottom: 10px !important;}&#8221;][vc_column_inner width=&#8221;1\/2&#8243;][stm_icon_box hide_title_line=&#8221;hide_title_line&#8221; enable_hexagon=&#8221;enable&#8221; enable_hexagon_animation=&#8221;enable&#8221; icon=&#8221;stm-nokia_outline&#8221; style=&#8221;icon_left&#8221; icon_size=&#8221;15&#8243; icon_width=&#8221;78&#8243; title=&#8221;Misi\u00f3n&#8221;] Satisfacemos las necesidades de nuestros asociados, dando oportunidades de cr\u00e9dito con bajas tasas de inter\u00e9s y brindando seguridad al asociado y su dinero, fomentando el Ahorro Corriente, Plazo Fijo, Ahorro Infanto Juvenil y Seguros, contribuyendo al desarrollo econ\u00f3mico<\/p>\n","protected":false},"author":1,"featured_media":0,"parent":182,"menu_order":0,"comment_status":"closed","ping_status":"closed","template":"","meta":{"footnotes":""},"amp_enabled":true,"_links":{"self":[{"href":"https:\/\/cooperativatrabajoyprogresorl.com\/index.php\/wp-json\/wp\/v2\/pages\/344"}],"collection":[{"href":"https:\/\/cooperativatrabajoyprogresorl.com\/index.php\/wp-json\/wp\/v2\/pages"}],"about":[{"href":"https:\/\/cooperativatrabajoyprogresorl.com\/index.php\/wp-json\/wp\/v2\/types\/page"}],"author":[{"embeddable":true,"href":"https:\/\/cooperativatrabajoyprogresorl.com\/index.php\/wp-json\/wp\/v2\/users\/1"}],"replies":[{"embeddable":true,"href":"https:\/\/cooperativatrabajoyprogresorl.com\/index.php\/wp-json\/wp\/v2\/comments?post=344"}],"version-history":[{"count":9,"href":"https:\/\/cooperativatrabajoyprogresorl.com\/index.php\/wp-json\/wp\/v2\/pages\/344\/revisions"}],"predecessor-version":[{"id":1413,"href":"https:\/\/cooperativatrabajoyprogresorl.com\/index.php\/wp-json\/wp\/v2\/pages\/344\/revisions\/1413"}],"up":[{"embeddable":true,"href":"https:\/\/cooperativatrabajoyprogresorl.com\/index.php\/wp-json\/wp\/v2\/pages\/182"}],"wp:attachment":[{"href":"https:\/\/cooperativatrabajoyprogresorl.com\/index.php\/wp-json\/wp\/v2\/media?parent=344"}],"curies":[{"name":"wp","href":"https:\/\/api.w.org\/{rel}","templated":true}]}}